{"id":81,"date":"2025-09-18T19:18:18","date_gmt":"2025-09-18T19:18:18","guid":{"rendered":"https:\/\/www.sumeahaku.fi\/?page_id=81"},"modified":"2025-10-04T18:55:30","modified_gmt":"2025-10-04T18:55:30","slug":"tekija","status":"publish","type":"page","link":"https:\/\/www.sumeahaku.fi\/?page_id=81","title":{"rendered":"Tekij\u00e4"},"content":{"rendered":"\n<p>Katariina Lappi on laulaja, sarjakuvataiteilija, k\u00e4\u00e4nt\u00e4j\u00e4 ja kirjoittaja, joka ty\u00f6skentelee viestint\u00e4alalla.<\/p>\n\n\n\n<p><strong>Sarjakuvallista toimintaa<\/strong><\/p>\n\n\n\n<ul class=\"wp-block-list\">\n<li>Vastaava tuottaja, Turun sarjakuvafestivaalit (2024 ja 2025)<\/li>\n\n\n\n<li>P\u00e4\u00e4toimittaja, Turun Sarjakuvaseuran vuosiantologia: H\u00e4iri\u00f6 &amp; Harmonia (2020), Moninaisuuksia (2021), Punk (2022), Linnunrata (2023), Sakset (2025)<\/li>\n\n\n\n<li>Sarjakuvanovelleja Turun sarjakuvaseuran antologioissa ja Ter\u00e4srautelan kirjasto -blogissa (2017\u20132023)<\/li>\n\n\n\n<li>Torikaffel, strippisarjakuva Aamuset-kaupunkilehdess\u00e4 (2020\u20132021)<\/li>\n\n\n\n<li>Mist\u00e4 toi on? \/ Sumea haku, strippisarjakuva Aamuset-kaupunkilehdess\u00e4 (2017\u20132020)<\/li>\n\n\n\n<li>Valosein\u00e4projisointi, Turun p\u00e4\u00e4kirjaston p\u00e4\u00e4sis\u00e4\u00e4nk\u00e4ynti (2018\u20132019 ja 2019\u20132020)<\/li>\n\n\n\n<li>N\u00e4yttely, Me viihdyt\u00e4mme teit\u00e4 ja te viihdytte, Turun p\u00e4\u00e4kirjaston musiikkiosasto (2020)<\/li>\n\n\n\n<li>Strippisarjakuvakokoelma, Mist\u00e4 toi on? \u2013 Kun on alkuun p\u00e4\u00e4sty (2019)<\/li>\n\n\n\n<li>N\u00e4yttely, Pokuto 2019, Oulun p\u00e4\u00e4kirjasto (2019)<\/li>\n\n\n\n<li>N\u00e4yttely, I &lt;3 Turku Pride: Right to be me, Bar Kuka (2018)<\/li>\n\n\n\n<li>N\u00e4yttely, Mist\u00e4 toi on? \u2013 Sarjakuvaa ja biisilainauksia, Turun Sarjakuvakauppa (2018)<\/li>\n<\/ul>\n\n\n\n<p><strong>Laulullista toimintaa<\/strong><\/p>\n\n\n\n<ul class=\"wp-block-list\">\n<li>Laulaja, keskiaikainen lauluyhtye Cavalier (2003\u2013)<\/li>\n\n\n\n<li>Kuorolainen, ammattilaiskuoro Key Ensemble (2019\u20132024)<\/li>\n\n\n\n<li>Kuorolainen, Savonlinnan oopperajuhlat (2017\u20132012)<\/li>\n\n\n\n<li>Maallisuuden ylistys, omakustannelevy (2017)<\/li>\n\n\n\n<li>Cavalier, omakustannelevy (2005)<\/li>\n<\/ul>\n\n\n\n<p><strong>J\u00e4senyydet ja luottamusteht\u00e4v\u00e4t<\/strong><\/p>\n\n\n\n<ul class=\"wp-block-list\">\n<li>Hallituksen j\u00e4sen, Turun Sarjakuvaseura ry. (2018\u20132025)<\/li>\n\n\n\n<li>J\u00e4sen, Sarjakuvantekij\u00e4t ry. (2018\u2013)<\/li>\n\n\n\n<li>Hallituksen j\u00e4sen, Sarjakuvantekij\u00e4t ry. (2021\u20132024)<\/li>\n<\/ul>\n\n\n\n<p><strong>Koulutus<\/strong><\/p>\n\n\n\n<ul class=\"wp-block-list\">\n<li>Englannin kielen k\u00e4\u00e4nt\u00e4minen ja tulkkaus (FM), Turun yliopisto (2015)<\/li>\n\n\n\n<li>Laulupedagogi (AMK), Turun ammattikorkeakoulu (2010)<\/li>\n<\/ul>\n\n\n\n<p><\/p>\n","protected":false},"excerpt":{"rendered":"<p>Katariina Lappi on laulaja, sarjakuvataiteilija, k\u00e4\u00e4nt\u00e4j\u00e4 ja kirjoittaja, joka ty\u00f6skentelee viestint\u00e4alalla. Sarjakuvallista toimintaa Laulullista toimintaa J\u00e4senyydet ja luottamusteht\u00e4v\u00e4t Koulutus<\/p>\n","protected":false},"author":1,"featured_media":0,"parent":0,"menu_order":0,"comment_status":"closed","ping_status":"closed","template":"","meta":{"footnotes":""},"class_list":["post-81","page","type-page","status-publish","hentry"],"_links":{"self":[{"href":"https:\/\/www.sumeahaku.fi\/index.php?rest_route=\/wp\/v2\/pages\/81","targetHints":{"allow":["GET"]}}],"collection":[{"href":"https:\/\/www.sumeahaku.fi\/index.php?rest_route=\/wp\/v2\/pages"}],"about":[{"href":"https:\/\/www.sumeahaku.fi\/index.php?rest_route=\/wp\/v2\/types\/page"}],"author":[{"embeddable":true,"href":"https:\/\/www.sumeahaku.fi\/index.php?rest_route=\/wp\/v2\/users\/1"}],"replies":[{"embeddable":true,"href":"https:\/\/www.sumeahaku.fi\/index.php?rest_route=%2Fwp%2Fv2%2Fcomments&post=81"}],"version-history":[{"count":4,"href":"https:\/\/www.sumeahaku.fi\/index.php?rest_route=\/wp\/v2\/pages\/81\/revisions"}],"predecessor-version":[{"id":109,"href":"https:\/\/www.sumeahaku.fi\/index.php?rest_route=\/wp\/v2\/pages\/81\/revisions\/109"}],"wp:attachment":[{"href":"https:\/\/www.sumeahaku.fi\/index.php?rest_route=%2Fwp%2Fv2%2Fmedia&parent=81"}],"curies":[{"name":"wp","href":"https:\/\/api.w.org\/{rel}","templated":true}]}}